{"id":60,"date":"2024-03-14T17:43:57","date_gmt":"2024-03-14T17:43:57","guid":{"rendered":"https:\/\/monublue.com\/?page_id=60"},"modified":"2024-11-25T00:04:16","modified_gmt":"2024-11-25T00:04:16","slug":"return-policy","status":"publish","type":"page","link":"https:\/\/monublue.com\/en\/iade-politikasi\/","title":{"rendered":"Return Policy"},"content":{"rendered":"<p><div class=\"content\"><br><\/div>Sipari\u015finizi iade etmek istedi\u011finizde, s\u00fcreci kolay ve h\u0131zl\u0131 bir \u015fekilde tamamlayabilmeniz i\u00e7in a\u015fa\u011f\u0131daki ko\u015fullar\u0131 sa\u011flaman\u0131z\u0131 rica ederiz:<br><br>\u2022 \u0130ade i\u015flemini, sipari\u015finizi teslim ald\u0131\u011f\u0131n\u0131z tarihten itibaren 14 g\u00fcn i\u00e7erisinde ba\u015flatman\u0131z gerekmektedir.<br>\u2022 \u00dcr\u00fcnlerin kullan\u0131lmam\u0131\u015f ve orijinal etiketlerinin zarar g\u00f6rmemi\u015f durumda oldu\u011fundan emin olman\u0131z\u0131 rica ederiz.<\/p><p>Size en iyi hizmeti sunmak \u00f6nceli\u011fimizdir. Herhangi bir sorunuz ya da yard\u0131ma ihtiya\u00e7 duydu\u011funuzda bizimle ileti\u015fime ge\u00e7mekten \u00e7ekinmeyin.<div class=\"content\"><br><p><strong>\u0130adelerin kabul\u00fc i\u00e7in \u015fartlar\u0131m\u0131z a\u015fa\u011f\u0131daki gibidir:<br><br><\/strong><\/p><br><p>\u21b3 \u0130ade etmek istedi\u011finiz \u00fcr\u00fcn kullan\u0131lmam\u0131\u015f ve y\u0131kanmam\u0131\u015f olmal\u0131d\u0131r. \u00dcr\u00fcn orijinal paketlemesi bozulmadan Monublue\u2019nun bildirdi\u011fi adrese yap\u0131lmal\u0131d\u0131r. Orijinal paketlemesi bozulmu\u015f, zedelenmi\u015f, paketin \u00fczerine bant yap\u0131\u015ft\u0131r\u0131lm\u0131\u015f \u00fcr\u00fcnlerin iadesi m\u00fcmk\u00fcn de\u011fildir. Zedelenmi\u015f bir \u00fcr\u00fcn\u00fcn Monublue\u2019ya iade edilmek istenmesi halinde iade edilmek istenen \u00fcr\u00fcn M\u00fc\u015fteri\u2019ye tekrar g\u00f6nderilecek ve bu i\u015flemden do\u011fan ekstra kargo \u00fccretleri m\u00fc\u015fteri \u00fczerinde kalacakt\u0131r.<\/p><br><p><br>\u21b3 \u00dcr\u00fcn ile birlikte g\u00f6nderilen t\u00fcm aksesuarlar\u0131n iade esnas\u0131nda hasardan ari bir \u015fekilde Monublue\u2019ya g\u00f6nderimi gerekmektedir. Aksi halde iade kabul edilmeyecektir.\u00a0\u00a0<\/p><br><p><br>\u21b3 Giyilmi\u015f, y\u0131kanm\u0131\u015f veya \u00fczerinde i\u015flem yap\u0131lm\u0131\u015f tekstil \u00fcr\u00fcnleri iade al\u0131nmayacakt\u0131r. Ayakkab\u0131 iadesi s\u00f6z konusu ise d\u0131\u015far\u0131da giyilmedi\u011finden ve orijinal kutusu ile iade edildi\u011finden emin olunmal\u0131d\u0131r. Bu \u015fartlar sa\u011flanmad\u0131\u011f\u0131 takdirde iade kabul edilmeyecektir.\u00a0\u00a0<\/p><br><p><br>\u21b3 \u00dcr\u00fcn\u00fcn \u00f6zelli\u011fi gere\u011fi iadeye uygun de\u011filse veya iade ile birlikte son kullan\u0131m tarihi ge\u00e7ecek ve \u00fcr\u00fcn\u00fcn tekrar sat\u0131\u015f\u0131 olanaks\u0131z hale gelecek ise iade m\u00fcmk\u00fcn de\u011fildir.<\/p><br><p><br>\u21b3 Yeni y\u0131l, Sevgililer G\u00fcn\u00fc, Babalar\/Anneler G\u00fcn\u00fc gibi \u00f6zel g\u00fcnler i\u00e7in \u00fcretilen \u00fcr\u00fcnlerin iadesi m\u00fcmk\u00fcn de\u011fildir. \u00d6zel ithalata konu \u00fcr\u00fcnlerin iadesi m\u00fcmk\u00fcn de\u011fildir.<\/p><br><p><br>\u21b3 \u0130\u00e7 \u00e7ama\u015f\u0131rlar\u0131n, \u00e7oraplar\u0131n, y\u00fczme\/plaj k\u0131yafetleri ve mayolar\u0131n hijyenik nedenlerle iadesi kabul edilmemektedir.<\/p><br><\/div><\/p>","protected":false},"excerpt":{"rendered":"<p>Sipari\u015finizi iade etmek istedi\u011finizde, s\u00fcreci kolay ve h\u0131zl\u0131 bir \u015fekilde tamamlayabilmeniz i\u00e7in a\u015fa\u011f\u0131daki ko\u015fullar\u0131 sa\u011flaman\u0131z\u0131 rica ederiz: \u2022 \u0130ade i\u015flemini, sipari\u015finizi teslim ald\u0131\u011f\u0131n\u0131z tarihten itibaren&#8230;<\/p>","protected":false},"author":2,"featured_media":0,"parent":0,"menu_order":0,"comment_status":"closed","ping_status":"closed","template":"elementor_theme","meta":{"footnotes":""},"class_list":["post-60","page","type-page","status-publish","hentry"],"_links":{"self":[{"href":"https:\/\/monublue.com\/en\/wp-json\/wp\/v2\/pages\/60","targetHints":{"allow":["GET"]}}],"collection":[{"href":"https:\/\/monublue.com\/en\/wp-json\/wp\/v2\/pages"}],"about":[{"href":"https:\/\/monublue.com\/en\/wp-json\/wp\/v2\/types\/page"}],"author":[{"embeddable":true,"href":"https:\/\/monublue.com\/en\/wp-json\/wp\/v2\/users\/2"}],"replies":[{"embeddable":true,"href":"https:\/\/monublue.com\/en\/wp-json\/wp\/v2\/comments?post=60"}],"version-history":[{"count":0,"href":"https:\/\/monublue.com\/en\/wp-json\/wp\/v2\/pages\/60\/revisions"}],"wp:attachment":[{"href":"https:\/\/monublue.com\/en\/wp-json\/wp\/v2\/media?parent=60"}],"curies":[{"name":"wp","href":"https:\/\/api.w.org\/{rel}","templated":true}]}}