{"id":57,"date":"2024-03-04T12:51:20","date_gmt":"2024-03-04T12:51:20","guid":{"rendered":"https:\/\/monublue.com\/sepet\/"},"modified":"2025-02-18T20:45:51","modified_gmt":"2025-02-18T17:45:51","slug":"cart","status":"publish","type":"page","link":"https:\/\/monublue.com\/en\/sepet\/","title":{"rendered":"Sepet"},"content":{"rendered":"<div data-elementor-type=\"wp-page\" data-elementor-id=\"57\" class=\"elementor elementor-57\" data-elementor-post-type=\"page\">\n\t\t\t\t<div class=\"elementor-element elementor-element-66249b39 e-flex e-con-boxed e-con e-parent\" data-id=\"66249b39\" data-element_type=\"container\">\n\t\t\t\t\t<div class=\"e-con-inner\">\n\t\t\t\t\t<\/div>\n\t\t\t\t<\/div>\n\t\t\t\t<\/div>","protected":false},"excerpt":{"rendered":"<p>\u00dcr\u00fcn Adet Fiyat Ara Toplam Vion &#8211; K\u0131sa Kollu Regular Fit T-Shirt &#8211; Beyaz, XS Renk: Beyaz Vion &#8211; K\u0131sa Kollu Regular Fit T-Shirt &#8211;&#8230;<\/p>","protected":false},"author":2,"featured_media":0,"parent":0,"menu_order":0,"comment_status":"closed","ping_status":"closed","template":"elementor_theme","meta":{"footnotes":""},"class_list":["post-57","page","type-page","status-publish","hentry"],"_links":{"self":[{"href":"https:\/\/monublue.com\/en\/wp-json\/wp\/v2\/pages\/57","targetHints":{"allow":["GET"]}}],"collection":[{"href":"https:\/\/monublue.com\/en\/wp-json\/wp\/v2\/pages"}],"about":[{"href":"https:\/\/monublue.com\/en\/wp-json\/wp\/v2\/types\/page"}],"author":[{"embeddable":true,"href":"https:\/\/monublue.com\/en\/wp-json\/wp\/v2\/users\/2"}],"replies":[{"embeddable":true,"href":"https:\/\/monublue.com\/en\/wp-json\/wp\/v2\/comments?post=57"}],"version-history":[{"count":9,"href":"https:\/\/monublue.com\/en\/wp-json\/wp\/v2\/pages\/57\/revisions"}],"predecessor-version":[{"id":21510,"href":"https:\/\/monublue.com\/en\/wp-json\/wp\/v2\/pages\/57\/revisions\/21510"}],"wp:attachment":[{"href":"https:\/\/monublue.com\/en\/wp-json\/wp\/v2\/media?parent=57"}],"curies":[{"name":"wp","href":"https:\/\/api.w.org\/{rel}","templated":true}]}}