{"id":4400,"date":"2021-10-12T15:51:09","date_gmt":"2021-10-12T15:51:09","guid":{"rendered":"http:\/\/dummy.xtemos.com\/woodmart2\/elementor\/?page_id=4400"},"modified":"2025-07-30T02:56:15","modified_gmt":"2025-07-29T23:56:15","slug":"about-us","status":"publish","type":"page","link":"https:\/\/monublue.com\/en\/hakkimizda\/","title":{"rendered":"About us"},"content":{"rendered":"<div data-elementor-type=\"wp-page\" data-elementor-id=\"4400\" class=\"elementor elementor-4400\" data-elementor-post-type=\"page\">\n\t\t\t\t<div class=\"elementor-element elementor-element-2af05e5 e-flex e-con-boxed e-con e-parent\" data-id=\"2af05e5\" data-element_type=\"container\" data-settings=\"{&quot;background_background&quot;:&quot;classic&quot;}\">\n\t\t\t\t\t<div class=\"e-con-inner\">\n\t\t<div class=\"elementor-element elementor-element-1c2030a e-con-full e-flex e-con e-child\" data-id=\"1c2030a\" data-element_type=\"container\">\n\t\t\t\t<div class=\"elementor-element elementor-element-b4ab704 elementor-widget elementor-widget-heading\" data-id=\"b4ab704\" data-element_type=\"widget\" data-widget_type=\"heading.default\">\n\t\t\t\t\t<h1 class=\"elementor-heading-title elementor-size-default\">About us<\/h1>\t\t\t\t<\/div>\n\t\t\t\t<div class=\"elementor-element elementor-element-d63d3ef elementor-widget elementor-widget-heading\" data-id=\"d63d3ef\" data-element_type=\"widget\" data-widget_type=\"heading.default\">\n\t\t\t\t\t<h2 class=\"elementor-heading-title elementor-size-default\">At Monublue, we live and breathe design, fashion, and creativity.<\/h2>\t\t\t\t<\/div>\n\t\t\t\t<\/div>\n\t\t<div class=\"elementor-element elementor-element-42de5e1 e-con-full e-flex e-con e-child\" data-id=\"42de5e1\" data-element_type=\"container\" data-settings=\"{&quot;background_background&quot;:&quot;classic&quot;}\">\n\t\t\t\t<div class=\"elementor-element elementor-element-6243c5f elementor-widget elementor-widget-button\" data-id=\"6243c5f\" data-element_type=\"widget\" data-widget_type=\"button.default\">\n\t\t\t\t\t\t\t\t\t\t<a class=\"elementor-button elementor-button-link elementor-size-sm\" href=\"https:\/\/monublue.com\/en\/product-category\/man\/\">\n\t\t\t\t\t\t<span class=\"elementor-button-content-wrapper\">\n\t\t\t\t\t\t\t\t\t<span class=\"elementor-button-text\">Men's Clothing<\/span>\n\t\t\t\t\t<\/span>\n\t\t\t\t\t<\/a>\n\t\t\t\t\t\t\t\t<\/div>\n\t\t\t\t<div class=\"elementor-element elementor-element-859df94 elementor-widget elementor-widget-button\" data-id=\"859df94\" data-element_type=\"widget\" data-widget_type=\"button.default\">\n\t\t\t\t\t\t\t\t\t\t<a class=\"elementor-button elementor-button-link elementor-size-sm\" href=\"https:\/\/monublue.com\/en\/product-category\/woman\/\">\n\t\t\t\t\t\t<span class=\"elementor-button-content-wrapper\">\n\t\t\t\t\t\t\t\t\t<span class=\"elementor-button-text\">Women's Clothing<\/span>\n\t\t\t\t\t<\/span>\n\t\t\t\t\t<\/a>\n\t\t\t\t\t\t\t\t<\/div>\n\t\t\t\t<\/div>\n\t\t\t\t\t<\/div>\n\t\t\t\t<\/div>\n\t\t<div class=\"elementor-element elementor-element-7c7c544 e-flex e-con-boxed e-con e-parent\" data-id=\"7c7c544\" data-element_type=\"container\">\n\t\t\t\t\t<div class=\"e-con-inner\">\n\t\t<div class=\"elementor-element elementor-element-97d6084 e-con-full e-flex e-con e-child\" data-id=\"97d6084\" data-element_type=\"container\">\n\t\t\t\t<div class=\"elementor-element elementor-element-8257402 elementor-widget elementor-widget-text-editor\" data-id=\"8257402\" data-element_type=\"widget\" data-widget_type=\"text-editor.default\">\n\t\t\t\t\t\t\t\t\t<p>With constant inspiration from the extraordinary, we redefine the boundaries of style by blending artistic expression, individuality, and eco-conscious innovation. We are committed to pushing the limits of creativity and approaching fashion with a completely new perspective.<\/p>\t\t\t\t\t\t\t\t<\/div>\n\t\t\t\t<div class=\"elementor-element elementor-element-837f5fe elementor-widget elementor-widget-text-editor\" data-id=\"837f5fe\" data-element_type=\"widget\" data-widget_type=\"text-editor.default\">\n\t\t\t\t\t\t\t\t\t<p>We aim to empower talented professionals in the service and industrial sectors. We achieve this with our high-quality, customizable workwear that offers both style and functionality. We believe everyone deserves to look and feel their best. That\u2019s why we are dedicated to creating a product that not only protects clothing and keeps tools within reach but also elevates personal and professional style and branding.<\/p><p>Our goal is to be the go-to destination for talented professionals who want to make a lasting impression. Our commitment to customization and personalization, along with our focus on creating an unparalleled luxury product, sets us apart in a crowded market. Join us on this journey to elevate your personal and professional brand to new heights.<\/p>\t\t\t\t\t\t\t\t<\/div>\n\t\t\t\t<\/div>\n\t\t\t\t\t<\/div>\n\t\t\t\t<\/div>\n\t\t<div class=\"elementor-element elementor-element-5a38a01 e-con-full e-flex e-con e-parent\" data-id=\"5a38a01\" data-element_type=\"container\">\n\t\t<div class=\"elementor-element elementor-element-4a43b00 e-con-full e-flex e-con e-child\" data-id=\"4a43b00\" data-element_type=\"container\" data-settings=\"{&quot;background_background&quot;:&quot;classic&quot;}\">\n\t\t\t\t<\/div>\n\t\t<div class=\"elementor-element elementor-element-f1aad1c e-con-full e-flex e-con e-child\" data-id=\"f1aad1c\" data-element_type=\"container\" data-settings=\"{&quot;background_background&quot;:&quot;classic&quot;}\">\n\t\t\t\t<\/div>\n\t\t\t\t<\/div>\n\t\t\t\t<\/div>","protected":false},"excerpt":{"rendered":"<p>Hakk\u0131m\u0131zda Monublue&#8217;da, tasar\u0131m, moda ve yarat\u0131c\u0131l\u0131kla ya\u015far ve nefes al\u0131r\u0131z. Erkek Giyim Kadin Giyim Her zaman s\u0131ra d\u0131\u015f\u0131 olana ilhamla, sanatsal ifade, bireysellik ve \u00e7evreye&#8230;<\/p>","protected":false},"author":2,"featured_media":0,"parent":0,"menu_order":0,"comment_status":"closed","ping_status":"closed","template":"elementor_header_footer","meta":{"footnotes":""},"class_list":["post-4400","page","type-page","status-publish","hentry"],"_links":{"self":[{"href":"https:\/\/monublue.com\/en\/wp-json\/wp\/v2\/pages\/4400","targetHints":{"allow":["GET"]}}],"collection":[{"href":"https:\/\/monublue.com\/en\/wp-json\/wp\/v2\/pages"}],"about":[{"href":"https:\/\/monublue.com\/en\/wp-json\/wp\/v2\/types\/page"}],"author":[{"embeddable":true,"href":"https:\/\/monublue.com\/en\/wp-json\/wp\/v2\/users\/2"}],"replies":[{"embeddable":true,"href":"https:\/\/monublue.com\/en\/wp-json\/wp\/v2\/comments?post=4400"}],"version-history":[{"count":63,"href":"https:\/\/monublue.com\/en\/wp-json\/wp\/v2\/pages\/4400\/revisions"}],"predecessor-version":[{"id":22513,"href":"https:\/\/monublue.com\/en\/wp-json\/wp\/v2\/pages\/4400\/revisions\/22513"}],"wp:attachment":[{"href":"https:\/\/monublue.com\/en\/wp-json\/wp\/v2\/media?parent=4400"}],"curies":[{"name":"wp","href":"https:\/\/api.w.org\/{rel}","templated":true}]}}