{"id":15697,"date":"2024-03-14T17:50:36","date_gmt":"2024-03-14T17:50:36","guid":{"rendered":"https:\/\/monublue.com\/?page_id=15697"},"modified":"2025-07-30T03:30:14","modified_gmt":"2025-07-30T00:30:14","slug":"corporate-sales","status":"publish","type":"page","link":"https:\/\/monublue.com\/en\/kurumsal-satis\/","title":{"rendered":"Corporate"},"content":{"rendered":"<div data-elementor-type=\"wp-page\" data-elementor-id=\"15697\" class=\"elementor elementor-15697\" data-elementor-post-type=\"page\">\n\t\t\t\t<div class=\"elementor-element elementor-element-603d1cf e-flex e-con-boxed e-con e-parent\" data-id=\"603d1cf\" data-element_type=\"container\">\n\t\t\t\t\t<div class=\"e-con-inner\">\n\t\t<div class=\"elementor-element elementor-element-2db633d e-con-full e-flex e-con e-child\" data-id=\"2db633d\" data-element_type=\"container\" data-settings=\"{&quot;background_background&quot;:&quot;classic&quot;}\">\n\t\t\t\t<\/div>\n\t\t<div class=\"elementor-element elementor-element-c7a4111 e-con-full e-flex e-con e-child\" data-id=\"c7a4111\" data-element_type=\"container\">\n\t\t\t\t<div class=\"elementor-element elementor-element-dc72586 elementor-widget elementor-widget-global elementor-global-18212 elementor-widget-image\" data-id=\"dc72586\" data-element_type=\"widget\" data-widget_type=\"image.default\">\n\t\t\t\t\t\t\t\t\t\t\t\t\t\t\t<img loading=\"lazy\" decoding=\"async\" width=\"1300\" height=\"800\" src=\"https:\/\/monublue.com\/wp-content\/uploads\/elementor\/thumbs\/xstore-placeholder-r1qzvib48ymijwme49gbh7jmgnc9x3tt0ryzgowjhk.png\" class=\"attachment-large size-large wp-image-15676 lazyload lazyload-simple et-lazyload-fadeIn\" alt=\"\" data-src=\"https:\/\/monublue.com\/wp-content\/uploads\/2024\/03\/logo.svg\" \/>\t\t\t\t\t\t\t\t\t\t\t\t\t\t\t<\/div>\n\t\t\t\t<div class=\"elementor-element elementor-element-ee0771e elementor-widget elementor-widget-heading\" data-id=\"ee0771e\" data-element_type=\"widget\" data-widget_type=\"heading.default\">\n\t\t\t\t\t<h1 class=\"elementor-heading-title elementor-size-default\">We\u2019d love to be a part of your team!<\/h1>\t\t\t\t<\/div>\n\t\t\t\t<div class=\"elementor-element elementor-element-cfdf05f elementor-widget elementor-widget-heading\" data-id=\"cfdf05f\" data-element_type=\"widget\" data-widget_type=\"heading.default\">\n\t\t\t\t\t<h2 class=\"elementor-heading-title elementor-size-default\">At Monublue, we know that the workwear for your team is more than just a uniform.<\/h2>\t\t\t\t<\/div>\n\t\t\t\t<div class=\"elementor-element elementor-element-e696b78 elementor-widget elementor-widget-text-editor\" data-id=\"e696b78\" data-element_type=\"widget\" data-widget_type=\"text-editor.default\">\n\t\t\t\t\t\t\t\t\t<p>We aim to empower talented professionals in the service and industrial sectors. We achieve this with our high-quality, customizable workwear that offers both style and functionality. We believe everyone deserves to look and feel their best. That\u2019s why we are dedicated to creating a product that not only protects the wearer and keeps tools within reach but also elevates personal and professional style and branding.<\/p><p><span style=\"color: inherit; font-family: inherit; font-size: inherit; text-align: var(--text-align); background-color: var(--et_container-bg-color,transparent);\">Our goal is to be the preferred destination for talented professionals who want to leave a lasting impression. Thanks to our commitment to customization and personalization, as well as our focus on creating an unparalleled luxury product, we stand out in a crowded market.<\/span><\/p><p><span style=\"color: inherit; font-family: inherit; font-size: inherit; text-align: var(--text-align); background-color: var(--et_container-bg-color,transparent);\">Join us on this journey to elevate your personal and professional brand to new heights.<\/span><\/p>\t\t\t\t\t\t\t\t<\/div>\n\t\t\t\t<\/div>\n\t\t\t\t\t<\/div>\n\t\t\t\t<\/div>\n\t\t<div class=\"elementor-element elementor-element-3143b09 e-flex e-con-boxed e-con e-parent\" data-id=\"3143b09\" data-element_type=\"container\">\n\t\t\t\t\t<div class=\"e-con-inner\">\n\t\t<div class=\"elementor-element elementor-element-a4cb479 e-con-full e-flex e-con e-child\" data-id=\"a4cb479\" data-element_type=\"container\">\n\t\t\t\t<div class=\"elementor-element elementor-element-67f635e elementor-widget elementor-widget-etheme_advanced_headline\" data-id=\"67f635e\" data-element_type=\"widget\" data-widget_type=\"etheme_advanced_headline.default\">\n\t\t\t\t<div class=\"elementor-widget-container\">\n\t\t\t\t\t        \n        <div class=\"etheme-a-h-wrapper elementor-align-center etheme-a-h-line-both etheme-a-h-line-before etheme-a-h-line-after etheme-a-h-line-mobile-hidden\">\n        \n                            <span class=\"etheme-a-h-text-before\">\n                    Monublue                <\/span>\n            \n\t\t\t\n        <h2 class=\"etheme-advanced-headline\">\n\n            Corporate Benefits\n        <\/h2>\n\t\t\n                    \n        <\/div>\n        \n\t\t\t\t\t\t<\/div>\n\t\t\t\t<\/div>\n\t\t\t\t<\/div>\n\t\t\t\t\t<\/div>\n\t\t\t\t<\/div>\n\t\t<div class=\"elementor-element elementor-element-95b570c e-flex e-con-boxed e-con e-parent\" data-id=\"95b570c\" data-element_type=\"container\">\n\t\t\t\t\t<div class=\"e-con-inner\">\n\t\t<div class=\"elementor-element elementor-element-d9c7edb e-con-full e-flex e-con e-child\" data-id=\"d9c7edb\" data-element_type=\"container\">\n\t\t\t\t<div class=\"elementor-element elementor-element-0a97208 elementor-widget elementor-widget-image\" data-id=\"0a97208\" data-element_type=\"widget\" data-widget_type=\"image.default\">\n\t\t\t\t\t\t\t\t\t\t\t\t\t\t\t<img loading=\"lazy\" decoding=\"async\" width=\"750\" height=\"1125\" src=\"https:\/\/monublue.com\/wp-content\/uploads\/xstore\/xstore-placeholder-750x750.png\" class=\"attachment-woocommerce_single size-woocommerce_single wp-image-16072 lazyload lazyload-simple et-lazyload-fadeIn\" alt=\"\" sizes=\"auto, (max-width: 750px) 100vw, 750px\" data-src=\"https:\/\/monublue.com\/wp-content\/uploads\/2021\/09\/industrial-2-750x1125.webp\" data-srcset=\"https:\/\/monublue.com\/wp-content\/uploads\/2021\/09\/industrial-2-750x1125.webp 750w, https:\/\/monublue.com\/wp-content\/uploads\/2021\/09\/industrial-2-768x1152.webp 768w, https:\/\/monublue.com\/wp-content\/uploads\/2021\/09\/industrial-2-1024x1536.webp 1024w, https:\/\/monublue.com\/wp-content\/uploads\/2021\/09\/industrial-2-390x585.webp 390w, https:\/\/monublue.com\/wp-content\/uploads\/2021\/09\/industrial-2-7x10.webp 7w, https:\/\/monublue.com\/wp-content\/uploads\/2021\/09\/industrial-2.webp 1365w\" \/>\t\t\t\t\t\t\t\t\t\t\t\t\t\t\t<\/div>\n\t\t\t\t<div class=\"elementor-element elementor-element-62d8096 elementor-widget elementor-widget-heading\" data-id=\"62d8096\" data-element_type=\"widget\" data-widget_type=\"heading.default\">\n\t\t\t\t\t<div class=\"elementor-heading-title elementor-size-default\">25+ teams (or 25 items)<\/div>\t\t\t\t<\/div>\n\t\t\t\t<div class=\"elementor-element elementor-element-957e36d elementor-widget elementor-widget-text-editor\" data-id=\"957e36d\" data-element_type=\"widget\" data-widget_type=\"text-editor.default\">\n\t\t\t\t\t\t\t\t\t<p>The initial order includes your team in the program.<\/p>\t\t\t\t\t\t\t\t<\/div>\n\t\t\t\t<\/div>\n\t\t<div class=\"elementor-element elementor-element-ca53e1e e-con-full e-flex e-con e-child\" data-id=\"ca53e1e\" data-element_type=\"container\">\n\t\t\t\t<div class=\"elementor-element elementor-element-76738c5 elementor-widget elementor-widget-image\" data-id=\"76738c5\" data-element_type=\"widget\" data-widget_type=\"image.default\">\n\t\t\t\t\t\t\t\t\t\t\t\t\t\t\t<img loading=\"lazy\" decoding=\"async\" width=\"750\" height=\"1125\" src=\"https:\/\/monublue.com\/wp-content\/uploads\/xstore\/xstore-placeholder-750x750.png\" class=\"attachment-woocommerce_single size-woocommerce_single wp-image-16312 lazyload lazyload-simple et-lazyload-fadeIn\" alt=\"\" sizes=\"auto, (max-width: 750px) 100vw, 750px\" data-src=\"https:\/\/monublue.com\/wp-content\/uploads\/2024\/05\/Monublue20092312945_parachute-750x1125.jpg\" data-srcset=\"https:\/\/monublue.com\/wp-content\/uploads\/2024\/05\/Monublue20092312945_parachute-750x1125.jpg 750w, https:\/\/monublue.com\/wp-content\/uploads\/2024\/05\/Monublue20092312945_parachute-768x1152.jpg 768w, https:\/\/monublue.com\/wp-content\/uploads\/2024\/05\/Monublue20092312945_parachute-1024x1536.jpg 1024w, https:\/\/monublue.com\/wp-content\/uploads\/2024\/05\/Monublue20092312945_parachute-1365x2048.jpg 1365w, https:\/\/monublue.com\/wp-content\/uploads\/2024\/05\/Monublue20092312945_parachute-390x585.jpg 390w, https:\/\/monublue.com\/wp-content\/uploads\/2024\/05\/Monublue20092312945_parachute-7x10.jpg 7w, https:\/\/monublue.com\/wp-content\/uploads\/2024\/05\/Monublue20092312945_parachute.jpg 1388w\" \/>\t\t\t\t\t\t\t\t\t\t\t\t\t\t\t<\/div>\n\t\t\t\t<div class=\"elementor-element elementor-element-8d460c6 elementor-widget elementor-widget-heading\" data-id=\"8d460c6\" data-element_type=\"widget\" data-widget_type=\"heading.default\">\n\t\t\t\t\t<div class=\"elementor-heading-title elementor-size-default\">Equip your team.<\/div>\t\t\t\t<\/div>\n\t\t\t\t<div class=\"elementor-element elementor-element-4cc1556 elementor-widget elementor-widget-text-editor\" data-id=\"4cc1556\" data-element_type=\"widget\" data-widget_type=\"text-editor.default\">\n\t\t\t\t\t\t\t\t\t<p>Equip your team with Monublue styles and colors available throughout the year. Elevate your professional look by offering both elegance and functionality.<\/p>\t\t\t\t\t\t\t\t<\/div>\n\t\t\t\t<\/div>\n\t\t<div class=\"elementor-element elementor-element-53ddf32 e-con-full e-flex e-con e-child\" data-id=\"53ddf32\" data-element_type=\"container\">\n\t\t\t\t<div class=\"elementor-element elementor-element-f5c701d elementor-widget elementor-widget-image\" data-id=\"f5c701d\" data-element_type=\"widget\" data-widget_type=\"image.default\">\n\t\t\t\t\t\t\t\t\t\t\t\t\t\t\t<img loading=\"lazy\" decoding=\"async\" width=\"750\" height=\"999\" src=\"https:\/\/monublue.com\/wp-content\/uploads\/xstore\/xstore-placeholder-750x750.png\" class=\"attachment-woocommerce_single size-woocommerce_single wp-image-16036 lazyload lazyload-simple et-lazyload-fadeIn\" alt=\"\" sizes=\"auto, (max-width: 750px) 100vw, 750px\" data-src=\"https:\/\/monublue.com\/wp-content\/uploads\/2024\/03\/kadin-yarim-dugmeli-crop-2-750x999.webp\" data-srcset=\"https:\/\/monublue.com\/wp-content\/uploads\/2024\/03\/kadin-yarim-dugmeli-crop-2-750x999.webp 750w, https:\/\/monublue.com\/wp-content\/uploads\/2024\/03\/kadin-yarim-dugmeli-crop-2-768x1023.webp 768w, https:\/\/monublue.com\/wp-content\/uploads\/2024\/03\/kadin-yarim-dugmeli-crop-2-1153x1536.webp 1153w, https:\/\/monublue.com\/wp-content\/uploads\/2024\/03\/kadin-yarim-dugmeli-crop-2-390x520.webp 390w, https:\/\/monublue.com\/wp-content\/uploads\/2024\/03\/kadin-yarim-dugmeli-crop-2-8x10.webp 8w, https:\/\/monublue.com\/wp-content\/uploads\/2024\/03\/kadin-yarim-dugmeli-crop-2.webp 1401w\" \/>\t\t\t\t\t\t\t\t\t\t\t\t\t\t\t<\/div>\n\t\t\t\t<div class=\"elementor-element elementor-element-0116934 elementor-widget elementor-widget-heading\" data-id=\"0116934\" data-element_type=\"widget\" data-widget_type=\"heading.default\">\n\t\t\t\t\t<div class=\"elementor-heading-title elementor-size-default\">Custom logo embroidery<\/div>\t\t\t\t<\/div>\n\t\t\t\t<div class=\"elementor-element elementor-element-9fdbdcd elementor-widget elementor-widget-text-editor\" data-id=\"9fdbdcd\" data-element_type=\"widget\" data-widget_type=\"text-editor.default\">\n\t\t\t\t\t\t\t\t\t<p>It is offered with custom personalization options.<\/p>\t\t\t\t\t\t\t\t<\/div>\n\t\t\t\t<\/div>\n\t\t\t\t\t<\/div>\n\t\t\t\t<\/div>\n\t\t<div class=\"elementor-element elementor-element-36c20f8 e-flex e-con-boxed e-con e-parent\" data-id=\"36c20f8\" data-element_type=\"container\">\n\t\t\t\t\t<div class=\"e-con-inner\">\n\t\t\t\t<div class=\"elementor-element elementor-element-c739a7a elementor-widget elementor-widget-heading\" data-id=\"c739a7a\" data-element_type=\"widget\" data-widget_type=\"heading.default\">\n\t\t\t\t\t<h2 class=\"elementor-heading-title elementor-size-default\">Frequently Asked Questions<\/h2>\t\t\t\t<\/div>\n\t\t\t\t<div class=\"elementor-element elementor-element-479c78a elementor-widget elementor-widget-toggle\" data-id=\"479c78a\" data-element_type=\"widget\" data-widget_type=\"toggle.default\">\n\t\t\t\t\t\t\t<div class=\"elementor-toggle\">\n\t\t\t\t\t\t\t<div class=\"elementor-toggle-item\">\n\t\t\t\t\t<div id=\"elementor-tab-title-7501\" class=\"elementor-tab-title\" data-tab=\"1\" role=\"button\" aria-controls=\"elementor-tab-content-7501\" aria-expanded=\"false\">\n\t\t\t\t\t\t\t\t\t\t\t\t<span class=\"elementor-toggle-icon elementor-toggle-icon-left\" aria-hidden=\"true\">\n\t\t\t\t\t\t\t\t\t\t\t\t\t\t\t<span class=\"elementor-toggle-icon-closed\"><svg class=\"e-font-icon-svg e-fas-caret-right\" viewbox=\"0 0 192 512\" xmlns=\"http:\/\/www.w3.org\/2000\/svg\"><path d=\"M0 384.662V127.338c0-17.818 21.543-26.741 34.142-14.142l128.662 128.662c7.81 7.81 7.81 20.474 0 28.284L34.142 398.804C21.543 411.404 0 402.48 0 384.662z\"><\/path><\/svg><\/span>\n\t\t\t\t\t\t\t\t<span class=\"elementor-toggle-icon-opened\"><svg class=\"elementor-toggle-icon-opened e-font-icon-svg e-fas-caret-up\" viewbox=\"0 0 320 512\" xmlns=\"http:\/\/www.w3.org\/2000\/svg\"><path d=\"M288.662 352H31.338c-17.818 0-26.741-21.543-14.142-34.142l128.662-128.662c7.81-7.81 20.474-7.81 28.284 0l128.662 128.662c12.6 12.599 3.676 34.142-14.142 34.142z\"><\/path><\/svg><\/span>\n\t\t\t\t\t\t\t\t\t\t\t\t\t<\/span>\n\t\t\t\t\t\t\t\t\t\t\t\t<a class=\"elementor-toggle-title\" tabindex=\"0\">Which colors do you offer?<\/a>\n\t\t\t\t\t<\/div>\n\n\t\t\t\t\t<div id=\"elementor-tab-content-7501\" class=\"elementor-tab-content elementor-clearfix\" data-tab=\"1\" role=\"region\" aria-labelledby=\"elementor-tab-title-7501\"><p>We offer most colors (Black, Brown, White, Royal Blue, Yellow, Green, Light Blue, Khaki).<\/p><\/div>\n\t\t\t\t<\/div>\n\t\t\t\t\t\t\t<div class=\"elementor-toggle-item\">\n\t\t\t\t\t<div id=\"elementor-tab-title-7502\" class=\"elementor-tab-title\" data-tab=\"2\" role=\"button\" aria-controls=\"elementor-tab-content-7502\" aria-expanded=\"false\">\n\t\t\t\t\t\t\t\t\t\t\t\t<span class=\"elementor-toggle-icon elementor-toggle-icon-left\" aria-hidden=\"true\">\n\t\t\t\t\t\t\t\t\t\t\t\t\t\t\t<span class=\"elementor-toggle-icon-closed\"><svg class=\"e-font-icon-svg e-fas-caret-right\" viewbox=\"0 0 192 512\" xmlns=\"http:\/\/www.w3.org\/2000\/svg\"><path d=\"M0 384.662V127.338c0-17.818 21.543-26.741 34.142-14.142l128.662 128.662c7.81 7.81 7.81 20.474 0 28.284L34.142 398.804C21.543 411.404 0 402.48 0 384.662z\"><\/path><\/svg><\/span>\n\t\t\t\t\t\t\t\t<span class=\"elementor-toggle-icon-opened\"><svg class=\"elementor-toggle-icon-opened e-font-icon-svg e-fas-caret-up\" viewbox=\"0 0 320 512\" xmlns=\"http:\/\/www.w3.org\/2000\/svg\"><path d=\"M288.662 352H31.338c-17.818 0-26.741-21.543-14.142-34.142l128.662-128.662c7.81-7.81 20.474-7.81 28.284 0l128.662 128.662c12.6 12.599 3.676 34.142-14.142 34.142z\"><\/path><\/svg><\/span>\n\t\t\t\t\t\t\t\t\t\t\t\t\t<\/span>\n\t\t\t\t\t\t\t\t\t\t\t\t<a class=\"elementor-toggle-title\" tabindex=\"0\">How is your pricing?<\/a>\n\t\t\t\t\t<\/div>\n\n\t\t\t\t\t<div id=\"elementor-tab-content-7502\" class=\"elementor-tab-content elementor-clearfix\" data-tab=\"2\" role=\"region\" aria-labelledby=\"elementor-tab-title-7502\"><p>This will depend on the size of your initial order. Please contact us for more information!<\/p><\/div>\n\t\t\t\t<\/div>\n\t\t\t\t\t\t\t<div class=\"elementor-toggle-item\">\n\t\t\t\t\t<div id=\"elementor-tab-title-7503\" class=\"elementor-tab-title\" data-tab=\"3\" role=\"button\" aria-controls=\"elementor-tab-content-7503\" aria-expanded=\"false\">\n\t\t\t\t\t\t\t\t\t\t\t\t<span class=\"elementor-toggle-icon elementor-toggle-icon-left\" aria-hidden=\"true\">\n\t\t\t\t\t\t\t\t\t\t\t\t\t\t\t<span class=\"elementor-toggle-icon-closed\"><svg class=\"e-font-icon-svg e-fas-caret-right\" viewbox=\"0 0 192 512\" xmlns=\"http:\/\/www.w3.org\/2000\/svg\"><path d=\"M0 384.662V127.338c0-17.818 21.543-26.741 34.142-14.142l128.662 128.662c7.81 7.81 7.81 20.474 0 28.284L34.142 398.804C21.543 411.404 0 402.48 0 384.662z\"><\/path><\/svg><\/span>\n\t\t\t\t\t\t\t\t<span class=\"elementor-toggle-icon-opened\"><svg class=\"elementor-toggle-icon-opened e-font-icon-svg e-fas-caret-up\" viewbox=\"0 0 320 512\" xmlns=\"http:\/\/www.w3.org\/2000\/svg\"><path d=\"M288.662 352H31.338c-17.818 0-26.741-21.543-14.142-34.142l128.662-128.662c7.81-7.81 20.474-7.81 28.284 0l128.662 128.662c12.6 12.599 3.676 34.142-14.142 34.142z\"><\/path><\/svg><\/span>\n\t\t\t\t\t\t\t\t\t\t\t\t\t<\/span>\n\t\t\t\t\t\t\t\t\t\t\t\t<a class=\"elementor-toggle-title\" tabindex=\"0\">What is the minimum order quantity?<\/a>\n\t\t\t\t\t<\/div>\n\n\t\t\t\t\t<div id=\"elementor-tab-content-7503\" class=\"elementor-tab-content elementor-clearfix\" data-tab=\"3\" role=\"region\" aria-labelledby=\"elementor-tab-title-7503\"><p>The minimum order is an initial order of 35 sets or 75 individual items from our styles and colors. <a class=\"elementor-toggle-title\" tabindex=\"0\"> Please contact us for detailed information.<\/a><\/p><\/div>\n\t\t\t\t<\/div>\n\t\t\t\t\t\t\t<div class=\"elementor-toggle-item\">\n\t\t\t\t\t<div id=\"elementor-tab-title-7504\" class=\"elementor-tab-title\" data-tab=\"4\" role=\"button\" aria-controls=\"elementor-tab-content-7504\" aria-expanded=\"false\">\n\t\t\t\t\t\t\t\t\t\t\t\t<span class=\"elementor-toggle-icon elementor-toggle-icon-left\" aria-hidden=\"true\">\n\t\t\t\t\t\t\t\t\t\t\t\t\t\t\t<span class=\"elementor-toggle-icon-closed\"><svg class=\"e-font-icon-svg e-fas-caret-right\" viewbox=\"0 0 192 512\" xmlns=\"http:\/\/www.w3.org\/2000\/svg\"><path d=\"M0 384.662V127.338c0-17.818 21.543-26.741 34.142-14.142l128.662 128.662c7.81 7.81 7.81 20.474 0 28.284L34.142 398.804C21.543 411.404 0 402.48 0 384.662z\"><\/path><\/svg><\/span>\n\t\t\t\t\t\t\t\t<span class=\"elementor-toggle-icon-opened\"><svg class=\"elementor-toggle-icon-opened e-font-icon-svg e-fas-caret-up\" viewbox=\"0 0 320 512\" xmlns=\"http:\/\/www.w3.org\/2000\/svg\"><path d=\"M288.662 352H31.338c-17.818 0-26.741-21.543-14.142-34.142l128.662-128.662c7.81-7.81 20.474-7.81 28.284 0l128.662 128.662c12.6 12.599 3.676 34.142-14.142 34.142z\"><\/path><\/svg><\/span>\n\t\t\t\t\t\t\t\t\t\t\t\t\t<\/span>\n\t\t\t\t\t\t\t\t\t\t\t\t<a class=\"elementor-toggle-title\" tabindex=\"0\">How does logo embroidery work?<\/a>\n\t\t\t\t\t<\/div>\n\n\t\t\t\t\t<div id=\"elementor-tab-content-7504\" class=\"elementor-tab-content elementor-clearfix\" data-tab=\"4\" role=\"region\" aria-labelledby=\"elementor-tab-title-7504\"><p>We will take your organization's logo, convert it to digital format, and turn it into something you can proudly display!<\/p><\/div>\n\t\t\t\t<\/div>\n\t\t\t\t\t\t\t<div class=\"elementor-toggle-item\">\n\t\t\t\t\t<div id=\"elementor-tab-title-7505\" class=\"elementor-tab-title\" data-tab=\"5\" role=\"button\" aria-controls=\"elementor-tab-content-7505\" aria-expanded=\"false\">\n\t\t\t\t\t\t\t\t\t\t\t\t<span class=\"elementor-toggle-icon elementor-toggle-icon-left\" aria-hidden=\"true\">\n\t\t\t\t\t\t\t\t\t\t\t\t\t\t\t<span class=\"elementor-toggle-icon-closed\"><svg class=\"e-font-icon-svg e-fas-caret-right\" viewbox=\"0 0 192 512\" xmlns=\"http:\/\/www.w3.org\/2000\/svg\"><path d=\"M0 384.662V127.338c0-17.818 21.543-26.741 34.142-14.142l128.662 128.662c7.81 7.81 7.81 20.474 0 28.284L34.142 398.804C21.543 411.404 0 402.48 0 384.662z\"><\/path><\/svg><\/span>\n\t\t\t\t\t\t\t\t<span class=\"elementor-toggle-icon-opened\"><svg class=\"elementor-toggle-icon-opened e-font-icon-svg e-fas-caret-up\" viewbox=\"0 0 320 512\" xmlns=\"http:\/\/www.w3.org\/2000\/svg\"><path d=\"M288.662 352H31.338c-17.818 0-26.741-21.543-14.142-34.142l128.662-128.662c7.81-7.81 20.474-7.81 28.284 0l128.662 128.662c12.6 12.599 3.676 34.142-14.142 34.142z\"><\/path><\/svg><\/span>\n\t\t\t\t\t\t\t\t\t\t\t\t\t<\/span>\n\t\t\t\t\t\t\t\t\t\t\t\t<a class=\"elementor-toggle-title\" tabindex=\"0\">Do you provide samples?<\/a>\n\t\t\t\t\t<\/div>\n\n\t\t\t\t\t<div id=\"elementor-tab-content-7505\" class=\"elementor-tab-content elementor-clearfix\" data-tab=\"5\" role=\"region\" aria-labelledby=\"elementor-tab-title-7505\"><p>Yes! We can arrange a special sample box so you can find out which sizes and styles are suitable for your team, and we can offer a discount on this service.<\/p><\/div>\n\t\t\t\t<\/div>\n\t\t\t\t\t\t\t\t<\/div>\n\t\t\t\t\t\t<\/div>\n\t\t\t\t\t<\/div>\n\t\t\t\t<\/div>\n\t\t\t\t<\/div>","protected":false},"excerpt":{"rendered":"<p>Ekibinizin bir par\u00e7as\u0131 olmak istiyoruz! Monublue&#8217;da, ekibinizin i\u015f k\u0131yafetlerinin bir \u00fcniformadan daha fazlas\u0131 oldu\u011funu biliyoruz. Hizmet ve sanayi sekt\u00f6rlerindeki yetenekli profesyonelleri g\u00fc\u00e7lendirmeyi ama\u00e7l\u0131yoruz. Hem stil&#8230;<\/p>","protected":false},"author":2,"featured_media":0,"parent":0,"menu_order":0,"comment_status":"closed","ping_status":"closed","template":"elementor_header_footer","meta":{"footnotes":""},"class_list":["post-15697","page","type-page","status-publish","hentry"],"_links":{"self":[{"href":"https:\/\/monublue.com\/en\/wp-json\/wp\/v2\/pages\/15697","targetHints":{"allow":["GET"]}}],"collection":[{"href":"https:\/\/monublue.com\/en\/wp-json\/wp\/v2\/pages"}],"about":[{"href":"https:\/\/monublue.com\/en\/wp-json\/wp\/v2\/types\/page"}],"author":[{"embeddable":true,"href":"https:\/\/monublue.com\/en\/wp-json\/wp\/v2\/users\/2"}],"replies":[{"embeddable":true,"href":"https:\/\/monublue.com\/en\/wp-json\/wp\/v2\/comments?post=15697"}],"version-history":[{"count":6,"href":"https:\/\/monublue.com\/en\/wp-json\/wp\/v2\/pages\/15697\/revisions"}],"predecessor-version":[{"id":22528,"href":"https:\/\/monublue.com\/en\/wp-json\/wp\/v2\/pages\/15697\/revisions\/22528"}],"wp:attachment":[{"href":"https:\/\/monublue.com\/en\/wp-json\/wp\/v2\/media?parent=15697"}],"curies":[{"name":"wp","href":"https:\/\/api.w.org\/{rel}","templated":true}]}}