{"id":15690,"date":"2024-03-14T17:47:40","date_gmt":"2024-03-14T17:47:40","guid":{"rendered":"https:\/\/monublue.com\/?page_id=15690"},"modified":"2024-03-14T17:47:40","modified_gmt":"2024-03-14T17:47:40","slug":"terms-and-conditions","status":"publish","type":"page","link":"https:\/\/monublue.com\/en\/sartlar-ve-kosullar\/","title":{"rendered":"Terms &amp; Conditions"},"content":{"rendered":"<h1>Terms &amp; Conditions<\/h1>\r\n<div class=\"content\">\r\n<p>\u0130\u015fbu Kullan\u0131m H\u00fck\u00fcm ve \u015eartlar\u0131 ile bu metinde at\u0131fta bulunulan t\u00fcm dok\u00fcmanlar, siz kullan\u0131c\u0131lar\u0131m\u0131z\u0131n\u00a0<a href=\"https:\/\/monublue.com\/en\/\">https:\/\/www.monublue.com<\/a>\u00a0(\u201cWeb Sitesi\u201d) alan ad\u0131nda kay\u0131tl\u0131 web sitemizin kullan\u0131m ko\u015fullar\u0131n\u0131 (\u201c\u015eartlar\u201d) d\u00fczenlemektedir. Web Sitesi, Burc Istanbul,\u00a0E-5 karayolu \u00fczeri, Had\u0131mk\u00f6y kav\u015fa\u011f\u0131, G\u00f6kevler Mah, 2312 Sk. 18. Blok,\u00a0Kat 19 \u2013 Daire 168, 34522 Esenyurt\/\u0130stanbul\/ T\u00fcrkiye adresinde kay\u0131tl\u0131 biz Tablier Tekstil San. Ve Di\u015f Tic. Ltd. \u015etd. (k\u0131saca \u201cbiz\u201d veya \u201cbizim\u201d\u00a0\u015feklinde at\u0131fta bulunulacakt\u0131r) taraf\u0131ndan y\u00f6netilmektedir. Web Sitesi\u2019nde siz kullan\u0131c\u0131lar\u0131n Reflect Studio\u2019nun resmi lisansl\u0131 \u00fcr\u00fcnlerini \u00e7evrimi\u00e7i olarak sat\u0131n alabilmeleri hizmeti sa\u011flanmaktad\u0131r (\u201cHizmetler\u201d).<\/p>\r\n<p>\u0130\u015fbu \u015eartlar a\u015fa\u011f\u0131daki bilgi ve belgelerde yer alan \u015fartlar\u0131 da at\u0131f yoluyla i\u00e7ermektedir ve a\u015fa\u011f\u0131daki belgelerde yer alan \u015fartlar da Web Sitesi\u2019ni kullan\u0131m\u0131n\u0131za uygulanacakt\u0131r:<\/p>\r\n<p><br \/>\u21b3 Sizler taraf\u0131ndan bize ula\u015ft\u0131r\u0131lan ya da bizlerce toplanan ki\u015fisel verilerinizin i\u015flenmesi ve edinilmesi \u015fartlar\u0131n\u0131 d\u00fczenleyen\u00a0Ayd\u0131nlatma Beyan\u0131.<\/p>\r\n<p>\u21b3 Site arac\u0131l\u0131\u011f\u0131yla sat\u0131n ald\u0131\u011f\u0131n\u0131z \u00fcr\u00fcnlerin iade edilmesi ve geri \u00f6denme \u015fartlar\u0131n\u0131 belirleyen\u00a0\u0130ade ve De\u011fi\u015fim Politikas\u0131.<\/p>\r\n<p>\u21b3 Sat\u0131n alma i\u015fleminize ili\u015fkin sizinle aram\u0131zdaki yasal ili\u015fkiyi d\u00fczenleyen\u00a0Mesafeli Sat\u0131\u015f S\u00f6zle\u015fmesi.<\/p>\r\n<p><br \/>Hizmetler\u2019imizden faydalanarak ya da Web Sitemizi ziyaret ederek i\u015fbu \u015eartlar\u2019\u0131 ve bu ko\u015fullarda yap\u0131labilecek her t\u00fcrl\u00fc de\u011fi\u015fikli\u011fi kabul etmektesiniz. \u015eayet burada yer alan \u015eartlar kabul\u00fcn\u00fczde de\u011filse, Hizmetler\u2019imizi kullanmay\u0131 sona erdirmeli ve Web Sitemizi ziyaret etmekten ka\u00e7\u0131nmal\u0131s\u0131n\u0131z.<br \/>\u00a0<br \/><strong>Hizmetlerin Kullan\u0131m\u0131<\/strong><\/p>\r\n<p><br \/>Web Sitesi bizlerin m\u00fcnhas\u0131r m\u00fclkiyeti alt\u0131nda oldu\u011fu gibi t\u00fcm i\u00e7eri\u011fi ile dizayn\u0131 marka, patent ve fikri m\u00fclkiyet mevzuat\u0131 alt\u0131nda korunmaktad\u0131r. Web Sitesi\u2019nin tamam\u0131n\u0131n ya da bir k\u0131sm\u0131n\u0131n kopyalanmas\u0131 fikri m\u00fclkiyet hukuku alt\u0131nda \u00e7al\u0131nt\u0131 i\u00e7eri\u011fe ili\u015fkin yapt\u0131r\u0131mlar\u0131n uygulanmas\u0131na neden olacakt\u0131r.<\/p>\r\n<p>Web Sitesi\u2019ni kullanarak tatbiki m\u00fcmk\u00fcn t\u00fcm hukuk kurallar\u0131na uygun \u015fekilde hareket edece\u011finizi kabul etmi\u015f addedilmektesiniz. Web Sitesi\u2019ni amac\u0131 d\u0131\u015f\u0131nda bir \u015fekilde kullanmamal\u0131 ve Web Sitesi\u2019ne kasten vir\u00fcs, trojan, solucan ve benzeri zararl\u0131 dijital yaz\u0131l\u0131m\u0131 bula\u015ft\u0131rmamal\u0131s\u0131n\u0131z. Web Sitesi\u2019ne, Web Sitesi\u2019nin ba\u011fl\u0131 oldu\u011fu servislere, bilgisayarlara, veri taban\u0131na ya da dijital depolama alanlar\u0131na izinsiz eri\u015fim sa\u011flamamal\u0131s\u0131n\u0131z. Web Sitesi\u2019ne hizmet engelleyici herhangi bir sald\u0131r\u0131da bulunmamal\u0131s\u0131n\u0131z. \u00a0<\/p>\r\n<p>Hizmetler 18 ya\u015f\u0131ndan b\u00fcy\u00fcklerin faydalanmas\u0131 amac\u0131yla olu\u015fturulmu\u015f ve tasarlanm\u0131\u015ft\u0131r. 18 ya\u015f\u0131ndan k\u00fc\u00e7\u00fck iseniz Hizmetler\u2019den veliniz e\u015fli\u011finde faydalanman\u0131z\u0131 \u015fiddetle tavsiye ederiz.<\/p>\r\n<p>Web Sitesi\u2019nin, buradaki i\u00e7eriklerin ya da Hizmetler\u2019in her zaman eri\u015filebilir olaca\u011f\u0131n\u0131, eri\u015fimde kesintilerin ya\u015fanmayaca\u011f\u0131n\u0131 garanti etmemekteyiz. Web Sitesi\u2019ni, i\u00e7eriklerimizi ya da Hizmetler\u2019i uygun g\u00f6rd\u00fc\u011f\u00fcm\u00fcz herhangi bir anda geli\u015ftirme, de\u011fi\u015ftirme, ge\u00e7ici olarak kald\u0131rma, tamamen kald\u0131rma ya da buralara eri\u015fimi k\u0131s\u0131tlama ya da tamamen engelleme hakk\u0131m\u0131z\u0131 sakl\u0131 tutar\u0131z.<br \/>\u00a0<br \/><strong>\u00dcr\u00fcnler, Stok Durumu ve Fiyatlar<\/strong><br \/>\u00a0<br \/>\u00dcr\u00fcn teklifleri, Web Sitesi\u2019nde sunuldu\u011fu s\u00fcrece ve her hal\u00fck\u00e2rda stoklar\u0131m\u0131z bitene kadar ge\u00e7erlidir. Sat\u0131\u015fa sunulan \u00fcr\u00fcnlerin belirli bir s\u00fcre boyunca stokta olaca\u011f\u0131n\u0131 hi\u00e7bir \u015fekilde garanti etmiyoruz. Sat\u0131\u015fa sunulan \u00fcr\u00fcnler, m\u00fcmk\u00fcn olan en b\u00fcy\u00fck hassasiyetle sunulur ve detayland\u0131r\u0131l\u0131r. Ancak \u00fcr\u00fcnlerin foto\u011fraflar\u0131 tan\u0131t\u0131m ama\u00e7l\u0131d\u0131r. \u00dcr\u00fcnlerin iadesini d\u00fczenleyen \u015fartlar i\u00e7in l\u00fctfen \u0130ade ve De\u011fi\u015fim Politikam\u0131z\u2019a g\u00f6z at\u0131n.<\/p>\r\n<p>\u00dcr\u00fcnlerin fiyatlar\u0131 EURO\/USD\/TL olarak g\u00f6sterilmekte olup fiyatlar\u0131m\u0131za KDV dahildir. G\u00f6r\u00fcnt\u00fclenen fiyatlara teslimat \u00fccreti dahil de\u011fildir. Teslimat \u00fccreti bilgisi, sipari\u015finizin nihai onay\u0131ndan \u00f6nce size sa\u011flanacakt\u0131r. Fiyatlar Web Sitesi\u2019nde g\u00f6sterildi\u011fi s\u00fcrece ge\u00e7erlidir. Herhangi bir \u00fcr\u00fcn\u00fcn fiyat\u0131n\u0131 uygun g\u00f6rd\u00fc\u011f\u00fcm\u00fcz \u015fekilde de\u011fi\u015ftirme hakk\u0131n\u0131 sakl\u0131 tutar\u0131z.<br \/>\u00a0<br \/><strong>Fatura ve Hesap Bilgilerinin Do\u011frulu\u011fu<\/strong><br \/>\u00a0<br \/>Bize verdi\u011finiz herhangi bir sipari\u015fi reddetme hakk\u0131m\u0131z\u0131 sakl\u0131 tutar\u0131z. Tamamen kendi takdirimize ba\u011fl\u0131 olarak, ki\u015fi ba\u015f\u0131na, hane ba\u015f\u0131na veya sipari\u015f ba\u015f\u0131na sat\u0131n al\u0131nan miktarlar\u0131 s\u0131n\u0131rlayabilir veya sipari\u015fi iptal edebiliriz. Bu k\u0131s\u0131tlamalar, ayn\u0131 m\u00fc\u015fteri hesab\u0131, ayn\u0131 kredi kart\u0131 ve\/veya ayn\u0131 fatura ve\/veya g\u00f6nderim adresini kullanan sipari\u015flere uygulanabilir. Sipari\u015finizi de\u011fi\u015ftirmemiz veya iptal etmemiz durumunda, sipari\u015fin verildi\u011fi s\u0131rada bize bildirilen e-posta ve\/veya fatura adresi\/telefon numaras\u0131 ile ileti\u015fime ge\u00e7erek sizi bilgilendirmeye \u00e7al\u0131\u015fabiliriz. Kendi takdirimize ba\u011fl\u0131 olmak \u00fczere, bayiler veya distrib\u00fct\u00f6rler taraf\u0131ndan verilen veya verilmi\u015f gibi g\u00f6r\u00fcnen sipari\u015fleri s\u0131n\u0131rlama veya iptal etme hakk\u0131m\u0131z\u0131 sakl\u0131 tutar\u0131z.<\/p>\r\n<p>Taraf\u0131n\u0131zdan ger\u00e7ekle\u015ftirilen t\u00fcm sat\u0131n alma i\u015flemleri i\u00e7in g\u00fcncel, eksiksiz ve do\u011fru bilgileri sa\u011flamay\u0131 taahh\u00fct etmektesiniz. \u0130\u015flemlerinizi tamamlayabilmemiz ve gerekti\u011finde sizinle ileti\u015fim kurabilmemiz i\u00e7in hesab\u0131n\u0131z\u0131 ve e-posta adresiniz, son kullanma tarihleri de dahil olmak \u00fczere kredi kart\u0131 numaralar\u0131n\u0131z gibi di\u011fer bilgilerinizi de g\u00fcncellemeyi kabul etmi\u015f olmaktas\u0131n\u0131z.<\/p>\r\n<p>\u00dcr\u00fcn fiyat\u0131 ve \u00f6deme i\u00e7in d\u00f6viz kuru, konumunuza ba\u011fl\u0131 olarak de\u011fi\u015febilir. T\u00fcrkiye\u2019de ikamet eden m\u00fc\u015fteriler T\u00fcrk Liras\u0131 \u00fczerinden, T\u00fcrkiye d\u0131\u015f\u0131nda ikamet edenler ise EURO \u00fczerinden \u00fccretlendirilecektir. Sipari\u015f esnas\u0131nda herhangi bir VPN kullan\u0131m\u0131 tespit edersek sipari\u015fi iptal etme hakk\u0131m\u0131z\u0131 sakl\u0131 tutar\u0131z.<\/p>\r\n<p>Teslimat\u0131n ger\u00e7ekle\u015fece\u011fi \u00fclkeye ba\u011fl\u0131 olarak g\u00fcmr\u00fck vergisi ve har\u00e7 \u00fccretleri ortaya \u00e7\u0131kabilir. T\u00fcrkiye d\u0131\u015f\u0131nda ikamet eden m\u00fc\u015fteriler, sipari\u015flerini teslim alabilmek i\u00e7in \u00fclkelerinin g\u00fcmr\u00fcklerinde \u00f6demek zorunda olduklar\u0131 vergi ve har\u00e7lardan kendileri sorumlu olacaklard\u0131r.<\/p>\r\n<p>Daha fazla ayr\u0131nt\u0131 i\u00e7in l\u00fctfen \u0130ade ve De\u011fi\u015fim Politikam\u0131z\u2019\u0131 inceleyin.<br \/>Kullan\u0131c\u0131 Yorumlar\u0131 ve Geri Bildirimler<br \/>\u00a0<br \/>Talebimiz \u00fczerine veya talebimiz olmaks\u0131z\u0131n bizlere \u00e7evrimi\u00e7i yol ile, e-posta, posta yoluyla veya ba\u015fka bir \u015fekilde yarat\u0131c\u0131 fikirler, \u00f6neriler, teklifler, yorumlar veya planlar g\u00f6nderirseniz (k\u0131saca\u00a0\u2018Yorumlar\u2019), bize iletti\u011finiz Yorumlar\u2019\u0131 herhangi bir zamanda herhangi bir k\u0131s\u0131tlama olmaks\u0131z\u0131n d\u00fczenleyebilece\u011fimizi, kopyalayabilece\u011fimizi, yay\u0131nlayabilece\u011fimizi, da\u011f\u0131tabilece\u011fimizi, terc\u00fcme edebilece\u011fimizi ve herhangi bir ortamda kullanabilece\u011fimizi kabul etmi\u015f olursunuz. \u0130\u015fbu \u015eart\u2019lar kapsam\u0131nda, sundu\u011funuz herhangi bir Yorum\u2019u gizli tutma (1); herhangi bir Yorum i\u00e7in tazminat \u00f6deme (2); veya herhangi bir Yorum\u2019a yan\u0131t verme (3) gibi y\u00fck\u00fcml\u00fcl\u00fcklerimiz bulunmayacakt\u0131r.<\/p>\r\n<p>Yasa d\u0131\u015f\u0131, sald\u0131rgan, tehdit edici, iftira niteli\u011finde, karalay\u0131c\u0131, pornografik, m\u00fcstehcen veya ba\u015fka bir \u015fekilde sak\u0131ncal\u0131 oldu\u011funu veya herhangi bir taraf\u0131n fikri m\u00fclkiyetini veya i\u015fbu \u015eartlar\u2019\u0131 ihlal etti\u011fini belirledi\u011fimiz Yorum\u2019u herhangi bir zorunluluk olmadan ve fakat tamamen kendi takdirimize ba\u011fl\u0131 olmak \u00fczere takip etme, d\u00fczenleme veya kald\u0131rma hakk\u0131m\u0131z\u0131 sakl\u0131 tutar\u0131z.<\/p>\r\n<p>Yorumlar\u2019\u0131n\u0131z\u0131n telif hakk\u0131, ticari marka hakk\u0131, fikri m\u00fclkiyet hakk\u0131, ki\u015filik haklar\u0131 veya di\u011fer herhangi bir \u00fc\u00e7\u00fcnc\u00fc taraf hakk\u0131n\u0131 ihlal etmeyece\u011fini kabul etmektesiniz. Ayr\u0131ca, Yorumlar\u2019\u0131n\u0131z\u0131n iftira, yasa d\u0131\u015f\u0131, k\u00fcf\u00fcrl\u00fc veya m\u00fcstehcen nitelikte bir i\u00e7erik bar\u0131nd\u0131rmayaca\u011f\u0131n\u0131 ve Hizmet\u2019in ya da ba\u011flant\u0131l\u0131 bir web sitesinin \u00e7al\u0131\u015fmas\u0131n\u0131 etkileyebilecek bir bilgisayar vir\u00fcs\u00fc veya ba\u015fka k\u00f6t\u00fc ama\u00e7l\u0131 yaz\u0131l\u0131m i\u00e7ermeyece\u011fini kabul etmektesiniz. Yanl\u0131\u015f bir e-posta adresi kullanamaz, kendinizden ba\u015fka biri gibi davranamaz veya herhangi bir Yorum\u2019un kayna\u011f\u0131 konusunda bizi veya \u00fc\u00e7\u00fcnc\u00fc ki\u015fileri yanl\u0131\u015f y\u00f6nlendiremezsiniz. Yapt\u0131\u011f\u0131n\u0131z t\u00fcm Yorumlar\u2019dan ve bunlar\u0131n do\u011frulu\u011fundan yaln\u0131zca siz sorumlusunuz. Sizin veya herhangi bir \u00fc\u00e7\u00fcnc\u00fc \u015fah\u0131s taraf\u0131ndan g\u00f6nderilen herhangi bir Yorum i\u00e7in hi\u00e7bir sorumluluk ve y\u00fck\u00fcml\u00fcl\u00fck kabul etmemekteyiz.<br \/>\u00a0<br \/><strong>Teslimat<\/strong><br \/>\u00a0<br \/>Teslimat adresiniz de dahil olmak \u00fczere sipari\u015f sayfas\u0131ndaki t\u00fcm alanlar\u0131 dikkatli bir \u015fekilde doldurmal\u0131s\u0131n\u0131z. Verdi\u011finiz bilgilerdeki yanl\u0131\u015fl\u0131k veya hata nedeniyle teslimat\u0131n ger\u00e7ekle\u015ftirilememesinden ne biz ne de nakliye hizmeti sa\u011flay\u0131c\u0131lar\u0131m\u0131z sorumlu tutulabilecektir.\u00a0Sipari\u015fteki hata veya gizli kusurlar d\u0131\u015f\u0131nda, \u00fcr\u00fcnlerin taraf\u0131n\u0131zdan teslim al\u0131nmas\u0131ndan sonra bize herhangi bir talep y\u00f6neltilemez.<br \/>\u00a0<br \/><strong>Sundu\u011funuz \u0130\u00e7erikler<\/strong><br \/>\u00a0<br \/>Kullan\u0131c\u0131lar\u0131n Web Site\u2019mizde yer alan \u00fcr\u00fcnler hakk\u0131nda herkese a\u00e7\u0131k yorumlar yay\u0131nlamas\u0131na izin verebilir ve kullan\u0131c\u0131lar\u0131n Sitede farkl\u0131 t\u00fcrde \u0130\u00e7erik\u2019ler (k\u0131saca \u201c\u0130\u00e7erik\u201d) yay\u0131nlamalar\u0131na izin veren yeni \u00f6zellikler geli\u015ftirebiliriz.<br \/>Sizin veya Sitemizin di\u011fer kullan\u0131c\u0131lar\u0131 taraf\u0131ndan yay\u0131nlanan herhangi bir \u0130\u00e7eri\u011fin do\u011frulu\u011fu i\u00e7in size veya herhangi bir \u00fc\u00e7\u00fcnc\u00fc ki\u015fiye sorumluluk kabul edilmemektedir.<\/p>\r\n<p><br \/>\u0130\u015fbu \u015eartlar kapsam\u0131nda, Siteye g\u00f6nderdi\u011finiz herhangi bir \u0130\u00e7eri\u011fi kullanmak, kopyalamak, da\u011f\u0131tmak, g\u00f6r\u00fcnt\u00fclemek ve \u00fc\u00e7\u00fcnc\u00fc taraflarla payla\u015fmak i\u00e7in m\u00fcnhas\u0131r olmayan, geri al\u0131namaz, devredilebilir, alt lisanslanabilir, \u00fccretsiz, ko\u015fulsuz, d\u00fcnya \u00e7ap\u0131nda bir lisans\/izin vermi\u015f olmaktas\u0131n\u0131z.<br \/>\u00a0<br \/><strong>Hizmetlerin Sona Ermesi<\/strong><br \/>\u00a0<br \/>Kullan\u0131c\u0131 hesaplar\u0131n\u0131n ele ge\u00e7irildi\u011fi, k\u00f6t\u00fcye kullan\u0131ld\u0131\u011f\u0131 ya da \u015eartlar\u2019\u0131 ihlal eder \u015fekilde kullan\u0131ld\u0131\u011f\u0131 noktas\u0131nda taraf\u0131m\u0131zda makul \u015f\u00fcphe olu\u015fmas\u0131 halinde kullan\u0131c\u0131lar\u0131n hesaplar\u0131n\u0131 devre d\u0131\u015f\u0131 b\u0131rakma, hesaplara, Web Sitesi\u2019ne ve Hizmetler\u2019e eri\u015fimi engelleme hakk\u0131m\u0131z bulunmaktad\u0131r. Aram\u0131zda anla\u015fmazl\u0131k bulunan bir m\u00fc\u015fteriden gelen herhangi bir sipari\u015fi reddetme hakk\u0131m\u0131z\u0131 sakl\u0131 tutar\u0131z.<\/p>\r\n<p><br \/>Takdir yetkisi taraf\u0131m\u0131zda olmak \u00fczere, y\u00fcklemi\u015f oldu\u011funuz \u0130\u00e7erikler, kamuya a\u00e7\u0131k Yorumlar\u0131n\u0131z a\u015fa\u011f\u0131dakilerden birinin ger\u00e7ekle\u015fmesi halinde kald\u0131r\u0131labilecek, Web Sitesi\u2019ne ve\/veya Hizmetler\u2019e (veya bunlar\u0131n bir k\u0131sm\u0131na) eri\u015fiminiz sona erdirilebilecek, bloke edilebilecek veya taraf\u0131n\u0131za uyar\u0131da bulunulabilecektir:<\/p>\r\n<p><br \/>1. \u0130\u015fbu \u015eartlar\u2019a ayk\u0131r\u0131 hareket etmeniz, yan\u0131lt\u0131c\u0131 hareketlerde, doland\u0131r\u0131c\u0131l\u0131k giri\u015fiminde bulunman\u0131z veya \u00f6demenizle ile ilgili problemle kar\u015f\u0131la\u015f\u0131lmas\u0131;<\/p>\r\n<p>2. Kurumumuzun itibar\u0131na herhangi bir \u015fekilde zarar verici davran\u0131\u015flarda bulundu\u011funuzu d\u00fc\u015f\u00fcnmemiz; veya<\/p>\r\n<p>3..Web Sitesi\u2019ni ya da Hizmetler\u2019i hukuka ayk\u0131r\u0131 veya hileli \u015fekilde kulland\u0131\u011f\u0131n\u0131z\u0131 de\u011ferlendirmemiz.<br \/>\u00a0<br \/><strong>Sorumluluk<\/strong><br \/>\u00a0<br \/>\u21b3\u00a0Sorumsuzluk Beyan\u0131<br \/>Hizmetler\u2019imiz herhangi bir a\u00e7\u0131k ya da \u00f6rt\u00fcl\u00fc taahh\u00fctten ari olarak verilmektedir. Web Sitesi\u2019nin, burada yer alan i\u00e7eriklerin ya da Hizmetler\u2019in:<br \/>do\u011frulu\u011funa, eksiksizli\u011fine, g\u00fcncelli\u011fine ve okuma amac\u0131na uygunlu\u011funa; ya dahatadan ari oldu\u011funa<br \/>dair bizim taraf\u0131m\u0131zdan verilen hi\u00e7bir taahh\u00fct bulunmamaktad\u0131r.<\/p>\r\n<p><br \/>\u21b3\u00a0Vir\u00fcsler<br \/>Web Sitesi\u2019nin hatalardan ya da vir\u00fcslerden ari oldu\u011fu y\u00f6n\u00fcnde bir garanti vermemekteyiz. Web Sitesi\u2019ne g\u00fcvenli eri\u015fim sa\u011flamak ad\u0131na kullanman\u0131z gereken bili\u015fim teknolojisini, bilgisayar programlar\u0131n\u0131 ve platformlar\u0131 temin etmek sizin sorumlulu\u011funuzdad\u0131r. Kendi vir\u00fcs \u00f6nleme yaz\u0131l\u0131m\u0131n\u0131z\u0131 kullanman\u0131z\u0131 \u00f6neririz. Web Sitesi\u2019ne ya da Hizmetler\u2019imize eri\u015fim sa\u011flad\u0131\u011f\u0131n\u0131z esnada herhangi bir vir\u00fcs\u00fcn, eri\u015fim \u00f6nleme sald\u0131r\u0131s\u0131n\u0131n ya da sair benzer zararl\u0131 teknoloji ara\u00e7lar\u0131n\u0131n bilgisayar\u0131n\u0131za, ekipman\u0131n\u0131za, bilgisayar programlar\u0131n\u0131za, verilerinize ya da m\u00fclkiyetinizdeki benzer dijital materyale verebilece\u011fi zararlardan kurumumuz sorumlu olmayacakt\u0131r.<\/p>\r\n<p><br \/>\u21b3\u00a0Di\u011fer \u0130nternet Sitelerine Y\u00f6nlendirici Linkler<br \/>Web Sitesi\u2019nde bulunan linkler siz kullan\u0131c\u0131lara yaln\u0131zca bilgi amac\u0131yla sunulmaktad\u0131r. Linkler ile eri\u015filebilecek web sitelerinin i\u00e7eri\u011fi ve kaynaklar\u0131 \u00fczerinde bizlerin herhangi bir kontrol\u00fc bulunmamaktad\u0131r. Linkler arac\u0131l\u0131\u011f\u0131yla eri\u015filebilecek internet sitelerinin i\u00e7eri\u011fine ili\u015fkin hi\u00e7bir sorumluluk taraf\u0131m\u0131zca kabul edilmemektedir. Linklerin y\u00f6nlendirdi\u011fi sitelerin taraf\u0131m\u0131zca desteklenmesi veya i\u00e7eriklerinin onaylanmas\u0131 s\u00f6z konusu de\u011fildir. Bu sitelerin ziyaret edilmesinden do\u011fan kay\u0131p ve zararlardan taraf\u0131m\u0131z sorumlu tutulamayacakt\u0131r.<\/p>\r\n<p><br \/>Web Sitesi\u2019ni, Hizmetler\u2019i veya \u015eartlar\u2019\u0131 ihlal eder nitelikteki kullan\u0131mdan do\u011facak \u00fc\u00e7\u00fcnc\u00fc ki\u015fi zararlar\u0131ndan, masraflar\u0131ndan ve taleplerinden yine siz kullan\u0131c\u0131lar sorumlu olacak olup bu t\u00fcr bir kurum zarar\u0131m\u0131z do\u011fmas\u0131 halinde zararlar\u0131m\u0131z\u0131 tazmin etmeyi kabul etmektesiniz.<\/p>\r\n<p><br \/>\u21b3\u00a0Memnuniyetsizlik<br \/>Herhangi bir nedenle memnuniyetsizlik s\u00f6z konusu oldu\u011fu durumda, sipari\u015f tutar\u0131n\u0131z\u0131n geri \u00f6denmesi d\u0131\u015f\u0131nda ba\u015fka bir tazminat talep edemezsiniz. Geri \u00f6deme talebinizin kabul edilebilmesi i\u00e7in sipari\u015fin i\u015fbu \u015eart\u2019lar kapsam\u0131nda geri \u00f6demeye uygun olmas\u0131 gerekmektedir.<\/p>\r\n<p><br \/>\u21b3\u00a0M\u00fccbir Sebep<br \/>\u00d6zellikle kargo, kurye, \u00fcretim, da\u011f\u0131t\u0131m, tasar\u0131m ve ta\u015f\u0131mac\u0131l\u0131k hizmetlerini engeller nitelikte ve fakat bunlarla s\u0131n\u0131rl\u0131 olmamak \u00fczere m\u00fccbir sebeplerin varl\u0131\u011f\u0131 halinde y\u00fck\u00fcml\u00fcl\u00fcklerini yerine getirmemi\u015f olmaktan taraf\u0131m\u0131z\u0131n sorumlu tutulmas\u0131 m\u00fcmk\u00fcn de\u011fildir.<br \/>\u00a0<br \/><strong>\u00c7e\u015fitli H\u00fck\u00fcmler<\/strong><br \/>\u00a0<br \/>\u21b3\u00a0B\u00f6l\u00fcnemezlik. \u0130\u015fbu belgede say\u0131lan \u015eartlar\u2019\u0131n herhangi bir k\u0131sm\u0131n\u0131n yetkili mercilerce ge\u00e7ersiz addedilmesi halinde ilgili h\u00fck\u00fcm ya da k\u0131s\u0131m di\u011fer \u015eartlar\u2019dan ari tutulacak ve geri kalan \u015eartlar hukuken ge\u00e7erlili\u011fini koruyacakt\u0131r.<\/p>\r\n<p><br \/>\u21b3\u00a0\u015eartlar\u0131n B\u00fct\u00fcnl\u00fc\u011f\u00fc. \u0130\u015fbu \u015eartlar ve bu metinde at\u0131fta bulunulan dok\u00fcmanlar kullan\u0131c\u0131 ve platform aras\u0131ndaki yeg\u00e2ne akitler olup kendilerinden \u00f6nce gelen her t\u00fcrl\u00fc anla\u015fmadan, taahh\u00fctten, garantiden ve \u015farttan, yaz\u0131l\u0131 olsun ya da olmas\u0131n \u00fcst\u00fcn tutulacakt\u0131r.<\/p>\r\n<p><br \/>\u21b3\u00a0Uyu\u015fmazl\u0131k \u00c7\u00f6z\u00fcm\u00fc. \u0130\u015fbu \u015eartlar T\u00fcrk hukukuna tabidir. \u0130\u015fbu \u015eartlar\u2019dan do\u011fan anla\u015fmazl\u0131klar\u0131n \u00e7\u00f6z\u00fcm\u00fcnde \u0130stanbul Merkez Mahkemeleri ve \u0130cra Daireleri m\u00fcnhas\u0131ran yetkili olacaklard\u0131r.<br \/>\u00a0<br \/><strong>\u015eartlarda De\u011fi\u015fiklik<\/strong><br \/>\u00a0<br \/>Zaman zaman de\u011fi\u015fiklikler yay\u0131nlamak suretiyle i\u015fbu \u015eartlar\u2019da taraf\u0131m\u0131zca de\u011fi\u015fiklik yap\u0131lmas\u0131 m\u00fcmk\u00fcnd\u00fcr. Dolay\u0131s\u0131yla, bu sayfay\u0131 s\u0131k s\u0131k ziyaret ederek \u015fartlarda ya\u015fanabilecek de\u011fi\u015fiklikleri kontrol etmenizi siz kullan\u0131c\u0131lar\u0131m\u0131za tavsiye ederiz. \u015eartlarda ya\u015fanabilecek de\u011fi\u015fiklikler akabinde sayfay\u0131 tekrar ziyaret etmeniz de\u011fi\u015fen \u015fartlar\u0131n taraf\u0131n\u0131zca kabul edildi\u011fi anlam\u0131na gelecektir.<br \/>\u00a0<br \/><strong>Contact<\/strong><br \/>\u00a0<br \/>Destek ihtiyac\u0131n\u0131z veya teknik sorular\u0131n\u0131z i\u00e7in\u00a0<a href=\"mailto:info@monublue.com\">info@monublue.com<\/a>\u00a0adresinden ekibimizle ileti\u015fime ge\u00e7ebilirsiniz.<\/p>\r\n<\/div>","protected":false},"excerpt":{"rendered":"<p>\u015eartlar ve Ko\u015fullar \u0130\u015fbu Kullan\u0131m H\u00fck\u00fcm ve \u015eartlar\u0131 ile bu metinde at\u0131fta bulunulan t\u00fcm dok\u00fcmanlar, siz kullan\u0131c\u0131lar\u0131m\u0131z\u0131n\u00a0https:\/\/www.monublue.com\u00a0(\u201cWeb Sitesi\u201d) alan ad\u0131nda kay\u0131tl\u0131 web sitemizin kullan\u0131m ko\u015fullar\u0131n\u0131&#8230;<\/p>","protected":false},"author":2,"featured_media":0,"parent":0,"menu_order":0,"comment_status":"closed","ping_status":"closed","template":"","meta":{"footnotes":""},"class_list":["post-15690","page","type-page","status-publish","hentry"],"_links":{"self":[{"href":"https:\/\/monublue.com\/en\/wp-json\/wp\/v2\/pages\/15690","targetHints":{"allow":["GET"]}}],"collection":[{"href":"https:\/\/monublue.com\/en\/wp-json\/wp\/v2\/pages"}],"about":[{"href":"https:\/\/monublue.com\/en\/wp-json\/wp\/v2\/types\/page"}],"author":[{"embeddable":true,"href":"https:\/\/monublue.com\/en\/wp-json\/wp\/v2\/users\/2"}],"replies":[{"embeddable":true,"href":"https:\/\/monublue.com\/en\/wp-json\/wp\/v2\/comments?post=15690"}],"version-history":[{"count":0,"href":"https:\/\/monublue.com\/en\/wp-json\/wp\/v2\/pages\/15690\/revisions"}],"wp:attachment":[{"href":"https:\/\/monublue.com\/en\/wp-json\/wp\/v2\/media?parent=15690"}],"curies":[{"name":"wp","href":"https:\/\/api.w.org\/{rel}","templated":true}]}}